{"id":5929,"date":"2025-03-12T14:14:51","date_gmt":"2025-03-12T13:14:51","guid":{"rendered":"https:\/\/gfi-ernst.com\/?page_id=5929"},"modified":"2025-03-27T14:46:09","modified_gmt":"2025-03-27T13:46:09","slug":"agb","status":"publish","type":"page","link":"https:\/\/gfi-ernst.com\/index.php\/agb\/","title":{"rendered":"AGB"},"content":{"rendered":"\t\t<div data-elementor-type=\"wp-page\" data-elementor-id=\"5929\" class=\"elementor elementor-5929\" data-elementor-post-type=\"page\">\n\t\t\t\t        <section class=\"elementor-section elementor-top-section elementor-element elementor-element-b41b351 elementor-section-boxed elementor-section-height-default elementor-section-height-default ct-header-fixed-none ct-row-max-none\" data-id=\"b41b351\" data-element_type=\"section\">\n            \n                        <div class=\"elementor-container elementor-column-gap-default \">\n                    <div class=\"elementor-column elementor-col-100 elementor-top-column elementor-element elementor-element-7afb00f\" data-id=\"7afb00f\" data-element_type=\"column\">\n        <div class=\"elementor-widget-wrap elementor-element-populated\">\n                    \n                <section class=\"elementor-section elementor-inner-section elementor-element elementor-element-50e7405 elementor-section-boxed elementor-section-height-default elementor-section-height-default ct-header-fixed-none ct-row-max-none\" data-id=\"50e7405\" data-element_type=\"section\">\n            \n                        <div class=\"elementor-container elementor-column-gap-default \">\n                    <div class=\"elementor-column elementor-col-33 elementor-inner-column elementor-element elementor-element-e361116\" data-id=\"e361116\" data-element_type=\"column\" data-settings=\"{&quot;background_background&quot;:&quot;classic&quot;}\">\n        <div class=\"elementor-widget-wrap elementor-element-populated\">\n                    \n        \t\t<div class=\"elementor-element elementor-element-6278f3d elementor-widget elementor-widget-text-editor\" data-id=\"6278f3d\" data-element_type=\"widget\" data-widget_type=\"text-editor.default\">\n\t\t\t\t<div class=\"elementor-widget-container\">\n\t\t\t<style>\/*! elementor - v3.23.0 - 05-08-2024 *\/\n.elementor-widget-text-editor.elementor-drop-cap-view-stacked .elementor-drop-cap{background-color:#69727d;color:#fff}.elementor-widget-text-editor.elementor-drop-cap-view-framed .elementor-drop-cap{color:#69727d;border:3px solid;background-color:transparent}.elementor-widget-text-editor:not(.elementor-drop-cap-view-default) .elementor-drop-cap{margin-top:8px}.elementor-widget-text-editor:not(.elementor-drop-cap-view-default) .elementor-drop-cap-letter{width:1em;height:1em}.elementor-widget-text-editor .elementor-drop-cap{float:left;text-align:center;line-height:1;font-size:50px}.elementor-widget-text-editor .elementor-drop-cap-letter{display:inline-block}<\/style>\t\t\t\t<p><span style=\"font-size: 14pt;\"><strong>Allgemeine Bestimmungen<\/strong><\/span><br \/>\u2022 Sachen im Sinne dieses Vertrages sind nicht nur im<br \/>Sinne des \u00a790 BGB sondern auch geistig zu erbringende<br \/>Leistungen und andere immaterielle G\u00fcter.<br \/>\u2022Jegliche Abweichungen von diesen allgemeinen<br \/>Gesch\u00e4ftsbedingungen bei Vertragsabschlu\u00df bedarf<br \/>der ausdr\u00fccklichen schriftlichen Absprache.<br \/>\u2022Auftr\u00e4ge, Vertr\u00e4ge, Vertragsver\u00e4nderungen oder<br \/>-erg\u00e4nzungen und alle sonstigen Vereinbarungen<br \/>werden f\u00fcr uns erst dann verbindlich, wenn sie von<br \/>uns ausdr\u00fccklich schriftlich best\u00e4tigt worden sind.<br \/>\u2022 F\u00fcr unsere Gesch\u00e4ftsbeziehungen gelten ausschlie\u00dflich<br \/>unsere Allgemeinen Gesch\u00e4ftsbedingungen.<br \/>\u2022Erf\u00fcllungsort ist \u2013 so nicht ein anderer ausdr\u00fccklich<br \/>vereinbart wurde \u2013 der Gesch\u00e4ftssitz von GFI-Ernst<br \/>e.K..<br \/>\u2022 Gerichtsstand ist Oldenburg.<br \/><span style=\"font-size: 14pt;\"><strong>Angebote, Zustandekommen eines Vertages<\/strong><\/span><br \/>\u2022Unsere Angebote sind unverbindlich und freibleibend.<br \/>\uf0a7 Der Vertragsabschlu\u00df kommt erst durch unsere<br \/>Auftragsbest\u00e4tigung, die Unterzeichnung des Vertrages<br \/>durch den Kunden, oder durch Ausf\u00fchrung des<br \/>Auftrages bzw. der Serviceleistung durch uns<br \/>zustande.<br \/><span style=\"font-size: 14pt;\"><strong>Einkaufsbedingungen<\/strong><\/span><br \/>\u2022Auftragsbest\u00e4tigungen des Verk\u00e4ufers mit anderen<br \/>Kaufbedingungen als unseren erkennen wir nicht an.<br \/>Unsere Kaufbedingungen gelten auch f\u00fcr zuk\u00fcnftige<br \/>Auftr\u00e4ge.<br \/>\u2022Bei nicht fristgem\u00e4\u00dfer Lieferung, auch unverschuldet,<br \/>sind wir berechtigt, ohne Nachfristsetzung vom Kaufvertrag<br \/>zur\u00fcckzutreten. Teillieferungen d\u00fcrfen wir<br \/>einbehalten und im \u00dcbrigen vom Vertrag zur\u00fccktreten.<br \/>Wir behalten uns die Rechte aus dem BGB<br \/>vor.<br \/>\u2022 Der Verk\u00e4ufer gew\u00e4hrleistet, da\u00df die gelieferte Ware<br \/>den f\u00fcr ihren Vertrieb und ihre Verwendung geltenden<br \/>gesetzlichen und beh\u00f6rdlichen Bestimmungen entspricht<br \/>und nicht gegen Rechte Dritter verst\u00f6\u00dft.<br \/>\u2022Wir sind berechtigt, M\u00e4ngelr\u00fcgen innerhalb von<br \/>4 Wochen nach Erhalt der Ware, bei versteckten<br \/>M\u00e4ngeln innerhalb von 2 Wochen nach Entdeckung<br \/>zu erheben.<br \/>\u2022Der Verk\u00e4ufer ist nicht berechtigt, seine Forderungen<br \/>an Dritte abzutreten.<br \/>\u2022 Erf\u00fcllungsort f\u00fcr unsere Zahlungen ist Oldenburg,<br \/>Zahlungen erfolgen nach unserer Wahl durch \u00dcbersendung<br \/>von Verrechnungsschecks oder durch<br \/>\u00dcberweisung auf die Bank oder Postscheckkonto.<br \/>Ma\u00dfgebend f\u00fcr die fristgerechte Zahlung ist der<br \/>schriftliche Eingang bei uns. Erf\u00fcllungsort f\u00fcr Lieferungen<br \/>des Verk\u00e4ufers ist der Ort , an den er die Ware<br \/>zu liefern hat.<br \/>\u2022Die \u00fcbrigen Bestimmungen dieser allgemeinen<br \/>Gesch\u00e4ftsbedingungen sind zu beachten.<br \/><span style=\"font-size: 14pt;\"><strong>Eigentumsvorbehalt<\/strong><\/span><br \/>\u2022 Wir behalten uns das Eigentum an dem Liefergegenstand<br \/>bis zum Eingang aller Zahlungen aus der<br \/>Gesch\u00e4ftsverbindung mit dem K\u00e4ufer vor. Der<br \/>Eigentumsvorbehalt erstreckt sich auch auf den anerkannten<br \/>Saldo, soweit wir Forderungen gegen\u00fcber<br \/>dem K\u00e4ufer in laufende Rechnungen buchen (Kontokorrent<br \/>Vorbehalten).<\/p><p>In der Zur\u00fccknahme des Liefergegenstands durch<br \/>uns liegt, sofern nicht die Bestimmungen des Abzahlungsgesetzes<br \/>Anwendung finden, kein R\u00fccktritt vom<br \/>Vertrag, es sei denn, wir h\u00e4tten dies ausdr\u00fccklich<br \/>schriftlich erkl\u00e4rt. In der Pf\u00e4ndung des Liefergegenstandes<br \/>liegt stets ein R\u00fccktritt vom Vertrag. Bei<br \/>Pf\u00e4ndung oder sonstigen Eingriffen Dritter hat uns<br \/>der K\u00e4ufer unverz\u00fcglich schriftlich zu benachrichtigen,<br \/>damit wir Klage gem. \u00a7771 ZPO erheben<br \/>k\u00f6nnen. Soweit der Dritte nicht in der Lage ist, uns<br \/>die gerichtlichen oder au\u00dfergerichtlichen Kosten<br \/>einer Klage gem. \u00a7771 ZPO zu erstatten, haftet der<br \/>K\u00e4ufer f\u00fcr den uns entstandenen Ausfall.<br \/>\u2022 Der K\u00e4ufer ist berechtigt, den Liefergegenstand im<br \/>ordentlichen Gesch\u00e4ftsgang weiter zu verkaufen; er<br \/>tritt uns jedoch bereits jetzt alle Forderungen in H\u00f6he<br \/>des Faktura Endbetrages (inklusive Mehrwertsteuer)<br \/>ab, die ihm aus der Wiederver\u00e4usserung gegen seine<br \/>Abnehmer oder gegen Dritte erwachsen, und zwar<br \/>unabh\u00e4ngig davon, ob der Liefergegenstand ohne<br \/>oder nach Verarbeitung weiterverkauft worden ist. Zur<br \/>Einziehung dieser Forderung ist der K\u00e4ufer auch<br \/>nach der Abtretung erm\u00e4chtigt. Unsere Befugnis, die<br \/>Forderung selbst einzuziehen, bleibt hier von unber\u00fchrt,<br \/>jedoch verpflichten wir uns, die Forderung nicht<br \/>einzuziehen, solange der K\u00e4ufer seinen Zahlungsverpflichtungen<br \/>ordnungsgem\u00e4\u00df nachkommt und<br \/>nicht in Zahlungsverzug ist. In diesem Fall k\u00f6nnen wir<br \/>verlangen, da\u00df der K\u00e4ufer uns die abgetretenen<br \/>Forderungen und deren Schuldner bekannt gibt, alle<br \/>zum Einzug erforderlichen Angaben macht, die dazugeh\u00f6rigen<br \/>Unterlagen aush\u00e4ndigt und den<br \/>Schuldner(Dritten) die Abtretung mitteilt.<br \/>\u2022Die Verarbeitung oder Umbildung des Liefergegenstandes<br \/>durch den K\u00e4ufer wird stets f\u00fcr uns vorgenommen.<br \/>Wird der Liefergegenstand mit anderen,<br \/>uns nicht geh\u00f6renden Gegenst\u00e4nden oder geistigen<br \/>Erzeugnissen verarbeitet, so erwerben wir das Miteigentum<br \/>an der neuen Sache im Verh\u00e4ltnis des<br \/>Wertes des Liefergegenstandes zu den anderen verarbeiteten<br \/>Gegenst\u00e4nden zur Zeit der Verarbeitung.<br \/>F\u00fcr die durch Verarbeitung entstehende Sache gilt im<br \/>\u00fcbrigen das Gleiche wie f\u00fcr die Vorbehaltsware.<br \/>Haftungsausschlu\u00df f\u00fcr Miteigentumsware dieser Art<br \/>formulieren.<br \/>\u2022Wird der Liefergegenstand mit anderen, uns nicht<br \/>geh\u00f6renden Gegenst\u00e4nden untrennbar vermischt, so<br \/>erwerben wir das Miteigentum an der neuen Sache<br \/>im Verh\u00e4ltnis des Wertes des Liefergegenstandes zu<br \/>den anderen vermischten Gegenst\u00e4nden zum Zeitpunkt<br \/>der Vermischung. Erfolgte die Vermischung in<br \/>der Weise, da\u00df die Sache des K\u00e4ufers als Hauptsache<br \/>anzusehen ist, so gilt als vereinbart, da\u00df der<br \/>K\u00e4ufer uns anteilig Miteigentum \u00fcbertr\u00e4gt. Der K\u00e4ufer<br \/>verwahrt das Alleineigentum oder das Miteigentum<br \/>f\u00fcr uns.<br \/>\u2022 Der K\u00e4ufer tritt uns auch die Forderung zur Sicherung<br \/>unserer Forderungen gegen ihn ab, die ihm durch die<br \/>Verbindung des Liefergegenstandes gegen einen<br \/>Dritten erwachsen.<br \/>\u2022 Wir verpflichten uns, die uns zustehende Sicherheit<br \/>insoweit auf Verlangen des K\u00e4ufers freizugeben, als<br \/>ihr Wert die zu sichernden Forderungen, soweit diese<br \/>noch nicht beglichen sind, um mehr als 20% \u00fcbersteigt<\/p>\t\t\t\t\t\t<\/div>\n\t\t\t\t<\/div>\n\t\t            <\/div>\n        <\/div>\n                <div class=\"elementor-column elementor-col-33 elementor-inner-column elementor-element elementor-element-7939fa0\" data-id=\"7939fa0\" data-element_type=\"column\" data-settings=\"{&quot;background_background&quot;:&quot;classic&quot;}\">\n        <div class=\"elementor-widget-wrap elementor-element-populated\">\n                    \n        \t\t<div class=\"elementor-element elementor-element-14b80c6 elementor-widget elementor-widget-text-editor\" data-id=\"14b80c6\" data-element_type=\"widget\" data-widget_type=\"text-editor.default\">\n\t\t\t\t<div class=\"elementor-widget-container\">\n\t\t\t\t\t\t\t<p><span style=\"font-size: 14pt;\"><strong>Haftung allgemein<\/strong><\/span><br \/>\u2022Die Haftung unserseits wird ausgeschlossen f\u00fcr<br \/>Bedien- oder Verwendungsfehler des Anwenders.<br \/>\u2022 Die Haftung unserseits wird ausgeschlossen f\u00fcr<br \/>jegliche Sch\u00e4den gegen die sich der Vertragspartner<br \/>versichern kann.<br \/>\u2022 Jegliche Haftung f\u00fcr M\u00e4ngelfolgesch\u00e4den wird ausgeschlossen,<br \/>insbesondere wenn Daten ver\u00e4ndert<br \/>oder gel\u00f6scht wurden. Der Kunde hat f\u00fcr eine Datensicherung<br \/>zu sorgen.<br \/>\u2022Jegliche Haftung f\u00fcr nicht neue Ware und Leistungen<br \/>wird ausgeschlossen.<br \/>\u2022 Die Haftung unserseits wird ausgeschlossen f\u00fcr<br \/>Sch\u00e4den die durch fehlerhafte und nachl\u00e4ssige<br \/>Arbeitsmaterial, mangelnde Wartung, nat\u00fcrliche<br \/>Abnutzung, Verunreinigung und au\u00dfergew\u00f6hnliche<br \/>Einfl\u00fcsse entstanden sind.<br \/>\u2022Jegliche Haftung wird ausgeschlossen, wenn an der<br \/>Ware oder Leistung Eingriffe vom Kunden oder<br \/>fremder Hand\/Maschine vorgenommen wurden.<br \/>\u2022Bei Versendungskauf gilt \u00a7477 BGB.<br \/>\u2022Kannte der Kunde beim Vertragsabschlu\u00df den<br \/>Mangel an der Sache, so hat ihn GFI nicht zu vertreten.<br \/>\u2022Die Haftung ist begrenzt auf den Auftragswert bei<br \/>Vertragsabschlu\u00df.<br \/><span style=\"font-size: 14pt;\"><strong>Haftung bei Software<\/strong><\/span><br \/>\u2022 Da es nach dem Stand der Technik nicht m\u00f6glich ist,<br \/>fehlerfreie Software zu erstellen und zu \u00fcberlassen,<br \/>haften wir nicht f\u00fcr etwaige Fehler in Betriebssystemen,<br \/>Standardsoftware und Individualanwendungen.<br \/>Insbesondere schlie\u00dfen wir die Haftung<br \/>f\u00fcr Fehler in der Software aus, die nicht durch uns<br \/>geliefert oder nicht erstellt wurde.<br \/>\u2022Sollten Fehler bei von uns gelieferten Software auftreten,<br \/>so verpflichten sich die Vertragspartner, uns<br \/>diese schriftlich und gleichzeitig dokumentiert anzuzeigen.<br \/>Sie verpflichten sich zudem, uns Nachbesserungsm\u00f6glichkeiten<br \/>\u2013auch mehrfach \u2013 einzur\u00e4umen.<br \/>\u2022Sollten Daten, Programme oder Hardware des Vertragspartners<br \/>bei der Fehlerbeseitigung zerst\u00f6rt<br \/>werden, so haften wir nicht daf\u00fcr. Unsere allgemeinen<br \/>Gesch\u00e4ftsbedingungen bez\u00fcglich der Wartung<br \/>sind zu beachten.<br \/>\u2022 Jegliche Arbeiten an der Software nach der Abnahme<br \/>sind Gegenstand eines neuen Vertrages und gesondert<br \/>zu bezahlen.<br \/>\u2022Die Haftung ist begrenzt auf den Auftragswert, bei<br \/>Erweiterungen und Pflege bestehender Software auf<br \/>den berechneten Anteil, der dieser Leistung entspricht.<br \/><span style=\"font-size: 14pt;\"><strong>Haftung bei Lieferung<\/strong><\/span><br \/>\u2022 Die Gefahren\u00fcbergang an den Kunden geschieht<br \/>(auch wenn frachtfreie Lieferung vereinbart ist) zum<br \/>Zeitpunkt der Aufgabe der Ware zum Versand.<br \/>Preise, Mehrwertsteuer, Versandkosten und<br \/>Verzug<br \/>\u2022Verkaufspreis ist unser am Liefertag g\u00fcltiger Preis.<br \/>\u2022Die Zahlung wird bei Lieferung der Ware ohne Abzug<br \/>f\u00e4llig.<br \/>\u2022Alle Preise gelten zuz\u00fcglich der gesetzlichen Mehrwertsteuer.<br \/>\u2022Alle Preise gelten zuz\u00fcglich Versandkosten.<br \/>\u2022Anlieferung und Aufstellung der Ger\u00e4te durch uns<br \/>sowie die Anleitung durch uns erfolgt zu Lasten des<br \/>Kunden.<br \/>\u2022Kommt der Kunde nach \u00a7284, 326 BGB in Verzug,<br \/>behalten wir uns die sich daraus ergebenden Rechte<br \/>vor.<br \/>\u2022In F\u00e4llen h\u00f6herer Gewalt (z. B. Verkehrsst\u00f6rung,<br \/>Streiks bei unseren Lieferanten etc.) sowie Lieferungsbehinderung<br \/>infolge gesetzlicher Bestimmungen<br \/>sind wir berechtigt, die Lieferung mengenm\u00e4\u00dfig zu<br \/>k\u00fcrzen oder zu streichen, ohne da\u00df wir in Verzug<br \/>gesetzt, oder Anspr\u00fcche auf Ersatzlieferung bzw.<br \/>Schadensersatz gestellt werden k\u00f6nnen.<br \/><span style=\"font-size: 14pt;\"><strong>Beratung<\/strong><\/span><br \/>\u2022Beratung geben wir nach bestem Wissen aufgrund<br \/>unserer Erfahrung und den Produktinformationen der<br \/>jeweiligen Hersteller bzw. der Lieferanten. Alle<br \/>Angaben und Ausk\u00fcnfte sind jedoch unverbindlich<br \/>und befreien den Besteller nicht von eigenen Pr\u00fcfungen.<br \/><span style=\"font-size: 14pt;\"><strong>Wartung, Service<\/strong><\/span><br \/>\u2022 Der Kunde hat vor jeder Leistung eine<br \/>Datensicherung durchzuf\u00fchren. Sollten bei der<br \/>Wartung Programme oder Daten ver\u00e4ndert oder<br \/>zerst\u00f6rt werden, so ist GFI daf\u00fcr nicht haftbar zu<br \/>machen.<br \/>\u2022Der Kunde hat alle Vorkehrungen zu treffen, die f\u00fcr<br \/>den ungehinderten Beginn und die z\u00fcgige Durchf\u00fchrung<br \/>unserer Leistung erforderlich sind.<br \/><span style=\"font-size: 14pt;\"><strong>Schulung<\/strong><\/span><br \/>\u2022Wir f\u00fchren Schulungen nach unserem Wissen und<br \/>unserer Erfahrungen und den Herstellerinformationen<br \/>zu den jeweiligen Produkten durch. F\u00fcr von uns<br \/>durchgef\u00fchrte Schulungsleistungen \u00fcbernehmen wir<br \/>keinerlei Erfolgsgarantie.<br \/>\u2022Das Schulungshonorar ist schriftlich zu vereinbaren.<br \/>Solange keine schriftliche Vereinbarung vorliegt<br \/>berechnen wir pro Unterrichtsstunde (45 min.) nach<br \/>g\u00fcltiger Preisliste der GFI plus gesetzliche<br \/>Mehrwertsteuer.<br \/>\u2022S\u00e4mtliche \u00fcber die Schulungsleistung hinausgehenden<br \/>Kosten f\u00fcr Anfahrt, Unterbringung,<br \/>Schulungsmaterial und Raummiete gehen zu Lasten<br \/>des Kunden.<br \/>\u2022F\u00fcr den Ausfall von Unterrichtsleistungen durch<br \/>Krankheit oder h\u00f6here Gewalt sind wir nicht haftbar<br \/>zu machen.<br \/>\u2022 Stellt der Kunde seine Anlagen und Software zur<br \/>Schulung zur Verf\u00fcgung hat er f\u00fcr das reibungslose<br \/>Funktionieren derselben Sorge zu tragen. F\u00fcr Wartezeiten,<br \/>die nicht in unserer Verantwortung liegen,<br \/>berechnen wir volles Schulungshonorar.<br \/>\u2022Leistungen, die \u00fcber die Schulung hinausgehen,<br \/>berechnen wir gesondert.<br \/>\u2022Das Schulungshonorar ist bei Antritt der Leistung<br \/>f\u00e4llig<\/p>\t\t\t\t\t\t<\/div>\n\t\t\t\t<\/div>\n\t\t            <\/div>\n        <\/div>\n                <div class=\"elementor-column elementor-col-33 elementor-inner-column elementor-element elementor-element-47468c3\" data-id=\"47468c3\" data-element_type=\"column\" data-settings=\"{&quot;background_background&quot;:&quot;classic&quot;}\">\n        <div class=\"elementor-widget-wrap elementor-element-populated\">\n                    \n        \t\t<div class=\"elementor-element elementor-element-0a6e765 elementor-widget elementor-widget-text-editor\" data-id=\"0a6e765\" data-element_type=\"widget\" data-widget_type=\"text-editor.default\">\n\t\t\t\t<div class=\"elementor-widget-container\">\n\t\t\t\t\t\t\t<p><span style=\"font-size: 14pt;\"><strong>Leistungserbringung bei Programmierarbeiten<\/strong><\/span><br \/>\u2022 Die Leistungen werden von der GFI ausschlie\u00dflich<br \/>nach Ma\u00dfgabe und Vorlage des vom Auftraggeber<br \/>verantwortlich zu erstellenden Pflichtenheftes<br \/>erbracht. Dieses mu\u00df das gew\u00fcnschte Ergebnis<br \/>beschreiben und verbindlich definieren und die<br \/>Ausgangsdaten nach Art, Umfang und Anzahl sowie<br \/>die ggf. dazugeh\u00f6rige Hardware und Software<br \/>bezeichnen. Bei fehlendem Pflichtenheft gelten die<br \/>Angaben des Angebotes bzw. der Auftragsbest\u00e4tigung<br \/>zur Feststellung der Auftragserf\u00fcllung.<br \/>\u2022 Zur Leistungserbringung hat der Auftraggeber ggfs.<br \/>der GFI die vollst\u00e4ndige Dokumentation der gesamten,<br \/>von ihm verwendeten bzw. zusammen mit<br \/>der zu erstellenden Individualsoftware zuk\u00fcnftig zu<br \/>verwendenden Soft- und Hardware sowie, soweit zur<br \/>Erstellung der Leistungen ben\u00f6tigt, auch die Soft- und<br \/>Hardware selbst zur Verf\u00fcgung zu stellen. Der<br \/>Auftraggeber steht daf\u00fcr ein, das nicht \u00fcbergebene<br \/>Soft- oder Hardware und\/oder deren Dokumentation<br \/>ohne Einfluss auf die von der GFI zu erbringenden<br \/>Leistung sind.<br \/>\u2022Sofern an der der GFI zur Verf\u00fcgung zu stellenden<br \/>Hard- oder Software oder deren Dokumentation<br \/>Rechte Dritter bestehen, hat der Auftraggeber auf<br \/>eigene Kosten der GFI alle zur Erstellung<br \/>erforderlichen Rechte daran zu verschaffen. In<br \/>diesem Fall stellt der Auftraggeber die GFI von jeder<br \/>Inanspruchnahme durch Dritte frei.<br \/>\u2022Der Auftraggeber bleibt weiterhin verpflichtet, die GFI<br \/>sachentsprechend bei der Erstellung der Software zu<br \/>unterst\u00fctzen. Er hat insbesondere einen Ansprechpartner<br \/>zu benennen, dessen sachbezogene<br \/>Erkl\u00e4rungen gegen\u00fcber der GFI verbindlich sind.<br \/>\u2022Fristen f\u00fcr die Erstellung der Individualsoftware<br \/>rechnen ab Vertragsunterzeichnung.<br \/>\u2022 Sollte im Rahmen der Leistungserbringung der GFI<br \/>Mehraufwand entstehen, weil der Kunde vom<br \/>Pflichtenheft abzuweichen w\u00fcnscht und\/oder<br \/>technische\/wissenschaftliche Gr\u00fcnde eine Abweichung<br \/>gebieten, oder sollte solcher Mehraufwand<br \/>durch Unrichtigkeit\/Unvollst\u00e4ndigkeit des Pflichtenheftes<br \/>entstehen, gehen die Mehrkosten nach der<br \/>jeweils g\u00fcltigen Stundenpreisliste der GFI zu Lasten<br \/>des Auftraggebers, soweit der Mehraufwand nicht<br \/>durch die GFI zu vertreten ist. Zugesagte Lieferfristen<br \/>verl\u00e4ngern sich angemessen.<br \/><span style=\"font-size: 14pt;\"><strong>Fertigstellung \/ Abnahme Programmierarbeiten<\/strong><\/span><br \/>\u2022 Nach der durch die GFI angezeigten Fertigstellung<br \/>wird der Auftraggeber die Individualsoftware in einem<br \/>Programmtest auf eigene Kosten abnehmen. Eine<br \/>evtl. Nichtverf\u00fcgbarkeit von durch den Auftraggeber<br \/>zu beschaffende Software, Hardware, Dienstleistern<br \/>oder personelle Engp\u00e4sse berechtigen nicht zur<br \/>Verweigerung der Abnahme.<br \/>\u2022Verlangt die GFI nach Anzeigen der Fertigstellung<br \/>schriftlich den Programmtest oder die Abnahme, so<br \/>ist der Auftraggeber hierzu innerhalb einer Frist von<br \/>zwei Wochen verpflichtet. Die Abnahme gilt auch<br \/>ohne schriftliches Verlangen nach Ablauf einer Frist<br \/>von zwei Wochen nach Anzeigen der Fertigstellung<br \/>als erfolgt, wenn der Auftraggeber Vollkaufmann oder<br \/>eine juristische Person \u00f6ffentlichen Rechts oder ein<br \/>\u00f6ffentlich-rechtliches Sonderverm\u00f6gen ist.<br \/>\u2022 Die Abnahme gilt in jedem Fall auch ohne<br \/>Anforderung als erfolgt, wenn die Schlu\u00dfrechnung<br \/>gestellt und bezahlt oder die Software im Echtbetrieb<br \/>eingesetzt wird.<br \/>\u2022 Nur wesentliche M\u00e4ngel berechtigen den Auftraggeber<br \/>zur Verweigerung der Abnahme.<br \/>\u2022 Mit der Abnahme geht die Gefahr auf den Auftraggeber<br \/>\u00fcber. Gew\u00e4hrleistungsfristen rechnen sich ab<br \/>Abnahme.<br \/>\u2022Die Gew\u00e4hrleistungsfrist betr\u00e4gt sechs Monate ab<br \/>Abnahme.<br \/><span style=\"font-size: 14pt;\"><strong>Rechtseinr\u00e4umung Individualsoftware<\/strong><\/span><br \/>\u2022Die erstellte Software ist geistiges Eigentum der GFI.<br \/>\u2022 Der Auftraggeber erh\u00e4lt zeitlich unbeschr\u00e4nkt das<br \/>nicht \u00fcbertragbare, nicht ausschlie\u00dfliche Recht, die<br \/>Individualsoftware auf der bei ihm installierten<br \/>freigegebenen Hardware zu verwenden und sie f\u00fcr<br \/>eigene Zwecke zu kopieren.<br \/>\u2022 Die Weitergabe an Dritte, auch an verbundene oder<br \/>verflochtene Unternehmen, ist ohne schriftliche<br \/>Erlaubnis durch die GFI unzul\u00e4ssig. Die GFI ist<br \/>berechtigt die Weitergabe der Individualsoftware von<br \/>zus\u00e4tzlichen Zahlungen des Auftraggeber abh\u00e4ngig<br \/>zu machen.<br \/><strong>Geheimhaltung Programmierarbeiten<\/strong><br \/>\u2022Der Auftraggeber darf die Software sowie die<br \/>Dokumentation ausschlie\u00dflich zu eigenen Zwecken<br \/>verwenden und hat sie vor Dritten geheim zu halten.<br \/>Dies gilt insbesondere f\u00fcr evtl. mit \u00fcbergebene<br \/>Programmsourcen, technische Verfahren und<br \/>Verfahrensbeschreibungen, die dem normalen<br \/>Bediener der Individualsoftware nicht zur Verf\u00fcgung<br \/>stehen.<br \/>\u2022 Bei Vertragsaufhebung verpflichtet sich der Auftraggeber<br \/>alle Datentr\u00e4ger und\/oder Dokumentationen<br \/>der Individualsoftware zu vernichten oder restlos<br \/>unkenntlich zu machen.<br \/>\u2022 Die Einsicht Dritter in die Programmsourcen,<br \/>technischen Verfahrensbeschreibungen und<br \/>Dokumentationen ist nur nach vorheriger<br \/>Genehmigung der GFI zul\u00e4ssig. Diese Genehmigung<br \/>hat die GFI nur in den F\u00e4llen zu gestatten, in denen<br \/>ein vereidigter Sachverst\u00e4ndiger die Einsichtnahme<br \/>verlangt.<br \/>\u2022 Die GFI unterliegt &#8211; auch nach Beendigung des<br \/>Auftrags &#8211; einer strengen Verschwiegenheitspflicht<br \/>hinsichtlich aller Angelegenheiten des Auftraggebers,<br \/>die ihr bei Ausf\u00fchrung des Auftrags zur Kenntnis<br \/>gelangt sind. Die GFI ist daf\u00fcr verantwortlich, da\u00df die<br \/>von ihr herangezogenen Mitarbeiter und externen<br \/>Hilfskr\u00e4fte zu dieser Verschwiegenheit verpflichtet<br \/>werden.<br \/><span style=\"font-size: 14pt;\"><strong>Schlu\u00dfbestimmung<\/strong><\/span><br \/>\u2022 Die Unwirksamkeit einzelner Punkte dieser<br \/>Bedingungen ber\u00fchren die Wirksamkeit der \u00fcbrigen<br \/>Bestimmungen nicht. An die Stelle einer unwirksamen<br \/>Bestimmung tritt die g\u00fcltige Bestimmung, die<br \/>in ihrer wirtschaftlichen Auswirkung der unwirksamen<br \/>Bestimmung am n\u00e4chsten kommt<\/p>\t\t\t\t\t\t<\/div>\n\t\t\t\t<\/div>\n\t\t            <\/div>\n        <\/div>\n                    <\/div>\n        <\/section>\n                    <\/div>\n        <\/div>\n                    <\/div>\n        <\/section>\n        \t\t<\/div>\n\t\t","protected":false},"excerpt":{"rendered":"<p>Allgemeine Bestimmungen\u2022 Sachen im Sinne dieses Vertrages sind nicht nur imSinne des \u00a790 BGB sondern auch geistig zu erbringendeLeistungen und andere immaterielle G\u00fcter.\u2022Jegliche Abweichungen von diesen allgemeinenGesch\u00e4ftsbedingungen bei Vertragsabschlu\u00df bedarfder ausdr\u00fccklichen schriftlichen Absprache.\u2022Auftr\u00e4ge, Vertr\u00e4ge, Vertragsver\u00e4nderungen oder-erg\u00e4nzungen und alle sonstigen Vereinbarungenwerden f\u00fcr uns erst dann verbindlich, wenn sie vonuns ausdr\u00fccklich schriftlich best\u00e4tigt worden sind.\u2022 F\u00fcr unsere [&hellip;]<\/p>\n","protected":false},"author":2,"featured_media":0,"parent":0,"menu_order":0,"comment_status":"closed","ping_status":"closed","template":"","meta":{"footnotes":""},"class_list":["post-5929","page","type-page","status-publish","hentry"],"jetpack_sharing_enabled":true,"_links":{"self":[{"href":"https:\/\/gfi-ernst.com\/index.php\/wp-json\/wp\/v2\/pages\/5929","targetHints":{"allow":["GET"]}}],"collection":[{"href":"https:\/\/gfi-ernst.com\/index.php\/wp-json\/wp\/v2\/pages"}],"about":[{"href":"https:\/\/gfi-ernst.com\/index.php\/wp-json\/wp\/v2\/types\/page"}],"author":[{"embeddable":true,"href":"https:\/\/gfi-ernst.com\/index.php\/wp-json\/wp\/v2\/users\/2"}],"replies":[{"embeddable":true,"href":"https:\/\/gfi-ernst.com\/index.php\/wp-json\/wp\/v2\/comments?post=5929"}],"version-history":[{"count":16,"href":"https:\/\/gfi-ernst.com\/index.php\/wp-json\/wp\/v2\/pages\/5929\/revisions"}],"predecessor-version":[{"id":6008,"href":"https:\/\/gfi-ernst.com\/index.php\/wp-json\/wp\/v2\/pages\/5929\/revisions\/6008"}],"wp:attachment":[{"href":"https:\/\/gfi-ernst.com\/index.php\/wp-json\/wp\/v2\/media?parent=5929"}],"curies":[{"name":"wp","href":"https:\/\/api.w.org\/{rel}","templated":true}]}}