{"id":5631,"date":"2025-02-20T16:54:19","date_gmt":"2025-02-20T16:54:19","guid":{"rendered":"https:\/\/13.webagency99.xyz\/?page_id=5631"},"modified":"2025-02-20T16:56:11","modified_gmt":"2025-02-20T16:56:11","slug":"outsourcing","status":"publish","type":"page","link":"https:\/\/gfi-ernst.com\/index.php\/outsourcing\/","title":{"rendered":"Outsourcing"},"content":{"rendered":"\t\t<div data-elementor-type=\"wp-page\" data-elementor-id=\"5631\" class=\"elementor elementor-5631\" data-elementor-post-type=\"page\">\n\t\t\t\t        <section class=\"elementor-section elementor-top-section elementor-element elementor-element-0ae9207 elementor-section-boxed elementor-section-height-default elementor-section-height-default ct-header-fixed-none ct-row-max-none\" data-id=\"0ae9207\" data-element_type=\"section\">\n            \n                        <div class=\"elementor-container elementor-column-gap-default \">\n                    <div class=\"elementor-column elementor-col-100 elementor-top-column elementor-element elementor-element-0ff1e10 elementor-invisible\" data-id=\"0ff1e10\" data-element_type=\"column\" data-settings=\"{&quot;background_background&quot;:&quot;classic&quot;,&quot;animation&quot;:&quot;zoomIn&quot;}\">\n        <div class=\"elementor-widget-wrap elementor-element-populated\">\n                    \n        \t\t<div class=\"elementor-element elementor-element-30bda06 elementor-widget elementor-widget-text-editor\" data-id=\"30bda06\" data-element_type=\"widget\" data-widget_type=\"text-editor.default\">\n\t\t\t\t<div class=\"elementor-widget-container\">\n\t\t\t<style>\/*! elementor - v3.23.0 - 05-08-2024 *\/\n.elementor-widget-text-editor.elementor-drop-cap-view-stacked .elementor-drop-cap{background-color:#69727d;color:#fff}.elementor-widget-text-editor.elementor-drop-cap-view-framed .elementor-drop-cap{color:#69727d;border:3px solid;background-color:transparent}.elementor-widget-text-editor:not(.elementor-drop-cap-view-default) .elementor-drop-cap{margin-top:8px}.elementor-widget-text-editor:not(.elementor-drop-cap-view-default) .elementor-drop-cap-letter{width:1em;height:1em}.elementor-widget-text-editor .elementor-drop-cap{float:left;text-align:center;line-height:1;font-size:50px}.elementor-widget-text-editor .elementor-drop-cap-letter{display:inline-block}<\/style>\t\t\t\t<div class=\"row 150%\"><div class=\"4u 12u$(2)\"><section id=\"sidebar\"><section><p>Die eigene EDV am Laufen zu halten kostet nicht nur Zeit. Die betroffenen Mitarbeiter m\u00fcssen st\u00e4ndig auf dem neusten Stand sein, ben\u00f6tigen Tools, Schulungen und Unterst\u00fctzung.<\/p><\/section><\/section><\/div><\/div><footer><p><strong>Unsere Dienstleistung<\/strong><\/p>Wir \u00fcbernehmen f\u00fcr Sie die Pflege Ihrer EDV. Wir k\u00fcmmern uns um die Fortentwicklung der bestehenden Infrastruktur. Neue Mitarbeiter erhalten durch uns die Einweisung in das bestehende System. Und wir k\u00fcmmern uns um die Sicherheit, sowohl nach innen, wie auch nach au\u00dfen.<br \/><p><strong>Unser Ziel<\/strong><\/p>Wir \u00fcbernehmen die Technik, und sorgen f\u00fcr reibungslose Abl\u00e4ufe, damit Sie Ihrem Gesch\u00e4ft nachgehen k\u00f6nnen und sich um die IT nicht k\u00fcmmern m\u00fcssen.<br \/><p><strong>&#8230; so gehen wir vor<\/strong><\/p>Strukturierte Analysen, wiederkehrende Wartungsl\u00e4ufe und Kontrolle der Systeme inkl. Stresstests damit Sie auf der sicheren Seite sind. Nur wenn Sie uns nicht bemerken ist unser Job richtig getan.<br \/><p><strong>Ihre IT l\u00e4uft und wir halten Ihnen den R\u00fccken frei.<\/strong><\/p><\/footer>\t\t\t\t\t\t<\/div>\n\t\t\t\t<\/div>\n\t\t            <\/div>\n        <\/div>\n                    <\/div>\n        <\/section>\n        \t\t<\/div>\n\t\t","protected":false},"excerpt":{"rendered":"<p>Die eigene EDV am Laufen zu halten kostet nicht nur Zeit. Die betroffenen Mitarbeiter m\u00fcssen st\u00e4ndig auf dem neusten Stand sein, ben\u00f6tigen Tools, Schulungen und Unterst\u00fctzung. Unsere Dienstleistung Wir \u00fcbernehmen f\u00fcr Sie die Pflege Ihrer EDV. Wir k\u00fcmmern uns um die Fortentwicklung der bestehenden Infrastruktur. Neue Mitarbeiter erhalten durch uns die Einweisung in das bestehende [&hellip;]<\/p>\n","protected":false},"author":2,"featured_media":0,"parent":0,"menu_order":0,"comment_status":"closed","ping_status":"closed","template":"","meta":{"footnotes":""},"class_list":["post-5631","page","type-page","status-publish","hentry"],"jetpack_sharing_enabled":true,"_links":{"self":[{"href":"https:\/\/gfi-ernst.com\/index.php\/wp-json\/wp\/v2\/pages\/5631","targetHints":{"allow":["GET"]}}],"collection":[{"href":"https:\/\/gfi-ernst.com\/index.php\/wp-json\/wp\/v2\/pages"}],"about":[{"href":"https:\/\/gfi-ernst.com\/index.php\/wp-json\/wp\/v2\/types\/page"}],"author":[{"embeddable":true,"href":"https:\/\/gfi-ernst.com\/index.php\/wp-json\/wp\/v2\/users\/2"}],"replies":[{"embeddable":true,"href":"https:\/\/gfi-ernst.com\/index.php\/wp-json\/wp\/v2\/comments?post=5631"}],"version-history":[{"count":4,"href":"https:\/\/gfi-ernst.com\/index.php\/wp-json\/wp\/v2\/pages\/5631\/revisions"}],"predecessor-version":[{"id":5635,"href":"https:\/\/gfi-ernst.com\/index.php\/wp-json\/wp\/v2\/pages\/5631\/revisions\/5635"}],"wp:attachment":[{"href":"https:\/\/gfi-ernst.com\/index.php\/wp-json\/wp\/v2\/media?parent=5631"}],"curies":[{"name":"wp","href":"https:\/\/api.w.org\/{rel}","templated":true}]}}