{"id":409,"date":"2019-11-11T08:37:45","date_gmt":"2019-11-11T08:37:45","guid":{"rendered":"https:\/\/demo.casethemes.net\/consultio-corporate2\/?page_id=409"},"modified":"2025-03-12T15:38:38","modified_gmt":"2025-03-12T14:38:38","slug":"services-v-2","status":"publish","type":"page","link":"https:\/\/gfi-ernst.com\/index.php\/services-v-2\/","title":{"rendered":"Unsere Leistungen"},"content":{"rendered":"\t\t<div data-elementor-type=\"wp-page\" data-elementor-id=\"409\" class=\"elementor elementor-409\" data-elementor-post-type=\"page\">\n\t\t\t\t        <section class=\"elementor-section elementor-top-section elementor-element elementor-element-63a7fef elementor-section-stretched elementor-section-boxed elementor-section-height-default elementor-section-height-default ct-header-fixed-none ct-row-max-none\" data-id=\"63a7fef\" data-element_type=\"section\" data-settings=\"{&quot;stretch_section&quot;:&quot;section-stretched&quot;,&quot;background_background&quot;:&quot;classic&quot;}\">\n            \n                        <div class=\"elementor-container elementor-column-gap-narrow \">\n                    <div class=\"elementor-column elementor-col-50 elementor-top-column elementor-element elementor-element-9ccbf02\" data-id=\"9ccbf02\" data-element_type=\"column\">\n        <div class=\"elementor-widget-wrap elementor-element-populated\">\n                    \n        \t\t<div class=\"elementor-element elementor-element-fa5e560 elementor-widget elementor-widget-ct_fancy_box\" data-id=\"fa5e560\" data-element_type=\"widget\" data-widget_type=\"ct_fancy_box.default\">\n\t\t\t\t<div class=\"elementor-widget-container\">\n\t\t\t<div class=\"ct-fancy-box ct-fancy-box-layout6 \" data-wow-delay=\"ms\">\r\n            <div class=\"item--icon\">\r\n            <i aria-hidden=\"true\" class=\"flaticon flaticon-skill\"><\/i>        <\/div>\r\n            <div class=\"item--holder\">\r\n        <h3 class=\"item--title\">\r\n            Softwarewerkzeuge und Tools        <\/h3>\r\n        <div class=\"item--description\">Standardsoftware out of the Box. Individuell skalierbar.<\/div>\r\n    <\/div>\r\n            <a class=\"item--link\" href=\"#\"><\/a>\r\n    <\/div>\t\t<\/div>\n\t\t\t\t<\/div>\n\t\t\t\t<div class=\"elementor-element elementor-element-5de9f34 elementor-widget elementor-widget-ct_fancy_box\" data-id=\"5de9f34\" data-element_type=\"widget\" data-widget_type=\"ct_fancy_box.default\">\n\t\t\t\t<div class=\"elementor-widget-container\">\n\t\t\t<div class=\"ct-fancy-box ct-fancy-box-layout6 \" data-wow-delay=\"ms\">\r\n            <div class=\"item--icon\">\r\n            <i aria-hidden=\"true\" class=\"flaticonv7 flaticonv7-network\"><\/i>        <\/div>\r\n            <div class=\"item--holder\">\r\n        <h3 class=\"item--title\">\r\n            Netzwerkpflege und Administration        <\/h3>\r\n        <div class=\"item--description\">Wir \u00fcbernehmen die Instandhaltung und Weiterentwicklung Ihrer IT-Infrastruktur. Ausserdem k\u00fcmmern wir uns um Ihre Sicherheit im Bereich Cyber-Security und Beraten Sie in Fragen der Verfahrensdokumentationen und IT-Notfallpl\u00e4nen. Durch unsere jahrelange Erfahrung und gute Vernetzung innerhalb der Branche k\u00f6nnen wir auf viele spezialisierte Partner zur\u00fcckgreifen.<\/div>\r\n    <\/div>\r\n            <a class=\"item--link\" href=\"#\"><\/a>\r\n    <\/div>\t\t<\/div>\n\t\t\t\t<\/div>\n\t\t\t\t<div class=\"elementor-element elementor-element-61e40b4 elementor-widget elementor-widget-ct_fancy_box\" data-id=\"61e40b4\" data-element_type=\"widget\" data-widget_type=\"ct_fancy_box.default\">\n\t\t\t\t<div class=\"elementor-widget-container\">\n\t\t\t<div class=\"ct-fancy-box ct-fancy-box-layout6 \" data-wow-delay=\"ms\">\r\n                <div class=\"item--icon\">\r\n            <img fetchpriority=\"high\" decoding=\"async\" width=\"460\" height=\"460\" src=\"https:\/\/gfi-ernst.com\/wp-content\/uploads\/2025\/02\/icon-512-photoaidcom-cropped-1.png\" class=\"attachment-full\" alt=\"\" \/>        <\/div>\r\n        <div class=\"item--holder\">\r\n        <h3 class=\"item--title\">\r\n            App Entwicklung        <\/h3>\r\n        <div class=\"item--description\">Ohne Mobileger\u00e4te geht nichts mehr. Wir liefern Ihnen die Software dazu.<\/div>\r\n    <\/div>\r\n            <a class=\"item--link\" href=\"https:\/\/www.gfi-ernst.com\/TimeCop.pdf\" target=\"_blank\"><\/a>\r\n    <\/div>\t\t<\/div>\n\t\t\t\t<\/div>\n\t\t            <\/div>\n        <\/div>\n                <div class=\"elementor-column elementor-col-50 elementor-top-column elementor-element elementor-element-a04227f\" data-id=\"a04227f\" data-element_type=\"column\">\n        <div class=\"elementor-widget-wrap elementor-element-populated\">\n                    \n        \t\t<div class=\"elementor-element elementor-element-6a3eb55 elementor-widget elementor-widget-ct_fancy_box\" data-id=\"6a3eb55\" data-element_type=\"widget\" data-widget_type=\"ct_fancy_box.default\">\n\t\t\t\t<div class=\"elementor-widget-container\">\n\t\t\t<div class=\"ct-fancy-box ct-fancy-box-layout6 \" data-wow-delay=\"ms\">\r\n            <div class=\"item--icon\">\r\n            <i aria-hidden=\"true\" class=\"fas fa-code\"><\/i>        <\/div>\r\n            <div class=\"item--holder\">\r\n        <h3 class=\"item--title\">\r\n            individuelle Softwareentwicklung        <\/h3>\r\n        <div class=\"item--description\">Wenn der Standard nicht gen\u00fcgt - Software wie ein Ma\u00dfanzug.<\/div>\r\n    <\/div>\r\n            <a class=\"item--link\" href=\"https:\/\/www.ecodms.de\/de\/jdownloads-kategorien?task=download.send&amp;id=350:ecodms-gmbh-white-paper&amp;catid=72\"><\/a>\r\n    <\/div>\t\t<\/div>\n\t\t\t\t<\/div>\n\t\t\t\t<div class=\"elementor-element elementor-element-f424a1c elementor-widget elementor-widget-ct_fancy_box\" data-id=\"f424a1c\" data-element_type=\"widget\" data-widget_type=\"ct_fancy_box.default\">\n\t\t\t\t<div class=\"elementor-widget-container\">\n\t\t\t<div class=\"ct-fancy-box ct-fancy-box-layout6 \" data-wow-delay=\"ms\">\r\n                <div class=\"item--icon\">\r\n            <img decoding=\"async\" width=\"2000\" height=\"2001\" src=\"https:\/\/gfi-ernst.com\/wp-content\/uploads\/2025\/03\/ecoDMS_Icon_rgb.png\" class=\"attachment-full\" alt=\"\" \/>        <\/div>\r\n        <div class=\"item--holder\">\r\n        <h3 class=\"item--title\">\r\n            Dokumentenmanagement        <\/h3>\r\n        <div class=\"item--description\">Wir bieten Ihnen mit Eco-DMS ein kosteng\u00fcnstiges und effektives Dokumentenmanagementsystem. Von der Installation \u00fcber Einrichtung und Schulung alles aus einer Hand. \n<br>Werden Sie Herr \u00fcber das Papierchaos und sparen Sie Zeit und Geld. <br><br>E-Rechnungskonform und Revisionsicher. Auf wunsch inkl. Email-Archivierungsl\u00f6sung.<\/div>\r\n    <\/div>\r\n            <a class=\"item--link\" href=\"#\" target=\"_blank\"><\/a>\r\n    <\/div>\t\t<\/div>\n\t\t\t\t<\/div>\n\t\t\t\t<div class=\"elementor-element elementor-element-9028533 elementor-widget elementor-widget-ct_fancy_box\" data-id=\"9028533\" data-element_type=\"widget\" data-widget_type=\"ct_fancy_box.default\">\n\t\t\t\t<div class=\"elementor-widget-container\">\n\t\t\t<div class=\"ct-fancy-box ct-fancy-box-layout6 \" data-wow-delay=\"ms\">\r\n            <div class=\"item--icon\">\r\n            <i aria-hidden=\"true\" class=\"material zmdi zmdi-puzzle-piece\"><\/i>        <\/div>\r\n            <div class=\"item--holder\">\r\n        <h3 class=\"item--title\">\r\n            Schnittstellenprogrammierung        <\/h3>\r\n        <div class=\"item--description\">Der Weg ist das Ziel! Daten\u00fcbertragung oder Steuerung komplexer Systeme!<\/div>\r\n    <\/div>\r\n            <a class=\"item--link\" href=\"#\" target=\"_blank\"><\/a>\r\n    <\/div>\t\t<\/div>\n\t\t\t\t<\/div>\n\t\t            <\/div>\n        <\/div>\n                    <\/div>\n        <\/section>\n                <section class=\"elementor-section elementor-top-section elementor-element elementor-element-a8837d5 elementor-section-boxed elementor-section-height-default elementor-section-height-default ct-header-fixed-none ct-row-max-none\" data-id=\"a8837d5\" data-element_type=\"section\">\n            \n                        <div class=\"elementor-container elementor-column-gap-default \">\n                    <div class=\"elementor-column elementor-col-100 elementor-top-column elementor-element elementor-element-d55cd28\" data-id=\"d55cd28\" data-element_type=\"column\">\n        <div class=\"elementor-widget-wrap elementor-element-populated\">\n                    \n        \t\t<div class=\"elementor-element elementor-element-5d627da elementor-widget elementor-widget-image\" data-id=\"5d627da\" data-element_type=\"widget\" data-widget_type=\"image.default\">\n\t\t\t\t<div class=\"elementor-widget-container\">\n\t\t\t<style>\/*! elementor - v3.23.0 - 05-08-2024 *\/\n.elementor-widget-image{text-align:center}.elementor-widget-image a{display:inline-block}.elementor-widget-image a img[src$=\".svg\"]{width:48px}.elementor-widget-image img{vertical-align:middle;display:inline-block}<\/style>\t\t\t\t\t\t\t<figure class=\"wp-caption\">\n\t\t\t\t\t\t\t\t\t\t<img decoding=\"async\" width=\"215\" height=\"100\" src=\"https:\/\/gfi-ernst.com\/wp-content\/uploads\/2025\/03\/sophos-global-partner-program-silver.png\" class=\"attachment-large size-large wp-image-5778\" alt=\"\" \/>\t\t\t\t\t\t\t\t\t\t\t<figcaption class=\"widget-image-caption wp-caption-text\">Wir sind Sophos Silver Partner. Als einer der f\u00fchrenden Hersteller f\u00fcr Netzwerksicherheit und Antivirus-L\u00f6sungen bietet Sophos Sicherheit f\u00fcr alle Firmengr\u00f6\u00dfen und Branchen. Wir als Silver Partner bieten Ihnen das gesamte Portfolio  <\/figcaption>\n\t\t\t\t\t\t\t\t\t\t<\/figure>\n\t\t\t\t\t\t\t<\/div>\n\t\t\t\t<\/div>\n\t\t            <\/div>\n        <\/div>\n                    <\/div>\n        <\/section>\n                <section class=\"elementor-section elementor-top-section elementor-element elementor-element-b593c3a elementor-section-boxed elementor-section-height-default elementor-section-height-default ct-header-fixed-none ct-row-max-none\" data-id=\"b593c3a\" data-element_type=\"section\">\n            \n                        <div class=\"elementor-container elementor-column-gap-default \">\n                    <article class=\"elementor-column elementor-col-100 elementor-top-column elementor-element elementor-element-b4182f8\" data-id=\"b4182f8\" data-element_type=\"column\">\n        <div class=\"elementor-widget-wrap elementor-element-populated\">\n                    \n        \t\t<div class=\"elementor-element elementor-element-ad5f6fa elementor-widget elementor-widget-html\" data-id=\"ad5f6fa\" data-element_type=\"widget\" data-widget_type=\"html.default\">\n\t\t\t\t<div class=\"elementor-widget-container\">\n\t\t\t<iframe src='https:\/\/www.sophos.com\/de-de\/site-in-a-box?partner_referral_id=0013Z00001wjG8Z&partner_name=Gfl-Ernst+e.K' frameborder='0' style='overflow: hidden;' width='100%' height='1300px'><\/iframe>\t\t<\/div>\n\t\t\t\t<\/div>\n\t\t            <\/div>\n        <\/article>\n                    <\/div>\n        <\/section>\n        \t\t<\/div>\n\t\t","protected":false},"excerpt":{"rendered":"<p>Softwarewerkzeuge und Tools Standardsoftware out of the Box. Individuell skalierbar. Netzwerkpflege und Administration Wir \u00fcbernehmen die Instandhaltung und Weiterentwicklung Ihrer IT-Infrastruktur. Ausserdem k\u00fcmmern wir uns um Ihre Sicherheit im Bereich Cyber-Security und Beraten Sie in Fragen der Verfahrensdokumentationen und IT-Notfallpl\u00e4nen. Durch unsere jahrelange Erfahrung und gute Vernetzung innerhalb der Branche k\u00f6nnen wir auf viele spezialisierte [&hellip;]<\/p>\n","protected":false},"author":2,"featured_media":0,"parent":0,"menu_order":0,"comment_status":"closed","ping_status":"closed","template":"","meta":{"footnotes":""},"class_list":["post-409","page","type-page","status-publish","hentry"],"jetpack_sharing_enabled":true,"_links":{"self":[{"href":"https:\/\/gfi-ernst.com\/index.php\/wp-json\/wp\/v2\/pages\/409","targetHints":{"allow":["GET"]}}],"collection":[{"href":"https:\/\/gfi-ernst.com\/index.php\/wp-json\/wp\/v2\/pages"}],"about":[{"href":"https:\/\/gfi-ernst.com\/index.php\/wp-json\/wp\/v2\/types\/page"}],"author":[{"embeddable":true,"href":"https:\/\/gfi-ernst.com\/index.php\/wp-json\/wp\/v2\/users\/2"}],"replies":[{"embeddable":true,"href":"https:\/\/gfi-ernst.com\/index.php\/wp-json\/wp\/v2\/comments?post=409"}],"version-history":[{"count":88,"href":"https:\/\/gfi-ernst.com\/index.php\/wp-json\/wp\/v2\/pages\/409\/revisions"}],"predecessor-version":[{"id":5972,"href":"https:\/\/gfi-ernst.com\/index.php\/wp-json\/wp\/v2\/pages\/409\/revisions\/5972"}],"wp:attachment":[{"href":"https:\/\/gfi-ernst.com\/index.php\/wp-json\/wp\/v2\/media?parent=409"}],"curies":[{"name":"wp","href":"https:\/\/api.w.org\/{rel}","templated":true}]}}